{"id":1625,"date":"2016-12-16T17:11:35","date_gmt":"2016-12-16T16:11:35","guid":{"rendered":"http:\/\/www.mecmastergrigliati.com\/catalogo\/"},"modified":"2017-11-21T16:47:59","modified_gmt":"2017-11-21T15:47:59","slug":"nostre-catalogue","status":"publish","type":"page","link":"https:\/\/www.mecmastergrigliati.com\/fr\/nostre-catalogue\/","title":{"rendered":"Nostre catalogue"},"content":{"rendered":"<p><strong>Le caillebotis press\u00e9 est fabriqu\u00e9 en fixant des barres transversales aux barres portantes par la technique de pression.<\/strong> Ses nombreuses qualit\u00e9s, telles que la l\u00e9g\u00e8ret\u00e9, la robustesse, la qualit\u00e9 des mat\u00e9riaux utilis\u00e9s, le traitement pr\u00e9cis et l&rsquo;\u00e9l\u00e9gance, en font une solution extr\u00eamement polyvalente dans les secteurs civil et industriel. Le caillebotis press\u00e9 est r\u00e9alis\u00e9 en acier (brut ou galvanis\u00e9), en acier inoxydable ou en aluminium et peut \u00eatre fourni en pi\u00e8ces standard, sur mesure ou d\u00e9coup\u00e9es, selon vos besoins.<\/p>\n","protected":false},"excerpt":{"rendered":"<p>Le caillebotis press\u00e9 est fabriqu\u00e9 en fixant des barres transversales aux barres portantes par la technique de pression. Ses nombreuses qualit\u00e9s, telles que la l\u00e9g\u00e8ret\u00e9, la robustesse, la qualit\u00e9 des mat\u00e9riaux utilis\u00e9s, le traitement pr\u00e9cis et l&rsquo;\u00e9l\u00e9gance, en font une solution extr\u00eamement polyvalente dans les secteurs civil et industriel. Le caillebotis press\u00e9 est r\u00e9alis\u00e9 en [&hellip;]<\/p>\n","protected":false},"author":5,"featured_media":0,"parent":0,"menu_order":0,"comment_status":"closed","ping_status":"closed","template":"","meta":[],"acf":[],"yoast_head":"<title>Nostre catalogue - Mec Master Grigliati snc<\/title>\n<meta name=\"robots\" content=\"index, follow, max-snippet:-1, max-image-preview:large, max-video-preview:-1\" \/>\n<link rel=\"canonical\" href=\"https:\/\/www.mecmastergrigliati.com\/fr\/nostre-catalogue\/\" \/>\n<meta property=\"og:locale\" content=\"fr_FR\" \/>\n<meta property=\"og:type\" content=\"article\" \/>\n<meta property=\"og:title\" content=\"Nostre catalogue - Mec Master Grigliati snc\" \/>\n<meta property=\"og:description\" content=\"Le caillebotis press\u00e9 est fabriqu\u00e9 en fixant des barres transversales aux barres portantes par la technique de pression. Ses nombreuses qualit\u00e9s, telles que la l\u00e9g\u00e8ret\u00e9, la robustesse, la qualit\u00e9 des mat\u00e9riaux utilis\u00e9s, le traitement pr\u00e9cis et l&rsquo;\u00e9l\u00e9gance, en font une solution extr\u00eamement polyvalente dans les secteurs civil et industriel. Le caillebotis press\u00e9 est r\u00e9alis\u00e9 en [&hellip;]\" \/>\n<meta property=\"og:url\" content=\"https:\/\/www.mecmastergrigliati.com\/fr\/nostre-catalogue\/\" \/>\n<meta property=\"og:site_name\" content=\"Mec Master Grigliati snc\" \/>\n<meta property=\"article:modified_time\" content=\"2017-11-21T15:47:59+00:00\" \/>\n<meta name=\"twitter:card\" content=\"summary_large_image\" \/>\n<script type=\"application\/ld+json\" class=\"yoast-schema-graph\">{\"@context\":\"https:\/\/schema.org\",\"@graph\":[{\"@type\":\"WebPage\",\"@id\":\"https:\/\/www.mecmastergrigliati.com\/fr\/nostre-catalogue\/\",\"url\":\"https:\/\/www.mecmastergrigliati.com\/fr\/nostre-catalogue\/\",\"name\":\"Nostre catalogue - Mec Master Grigliati snc\",\"isPartOf\":{\"@id\":\"https:\/\/www.mecmastergrigliati.com\/#website\"},\"datePublished\":\"2016-12-16T16:11:35+00:00\",\"dateModified\":\"2017-11-21T15:47:59+00:00\",\"breadcrumb\":{\"@id\":\"https:\/\/www.mecmastergrigliati.com\/fr\/nostre-catalogue\/#breadcrumb\"},\"inLanguage\":\"fr-FR\",\"potentialAction\":[{\"@type\":\"ReadAction\",\"target\":[\"https:\/\/www.mecmastergrigliati.com\/fr\/nostre-catalogue\/\"]}]},{\"@type\":\"BreadcrumbList\",\"@id\":\"https:\/\/www.mecmastergrigliati.com\/fr\/nostre-catalogue\/#breadcrumb\",\"itemListElement\":[{\"@type\":\"ListItem\",\"position\":1,\"name\":\"Home\",\"item\":\"https:\/\/www.mecmastergrigliati.com\/fr\/\"},{\"@type\":\"ListItem\",\"position\":2,\"name\":\"Nostre catalogue\"}]},{\"@type\":\"WebSite\",\"@id\":\"https:\/\/www.mecmastergrigliati.com\/#website\",\"url\":\"https:\/\/www.mecmastergrigliati.com\/\",\"name\":\"Mec Master Grigliati snc\",\"description\":\"Pressati elettrosaldati grigliati metallici\",\"potentialAction\":[{\"@type\":\"SearchAction\",\"target\":{\"@type\":\"EntryPoint\",\"urlTemplate\":\"https:\/\/www.mecmastergrigliati.com\/?s={search_term_string}\"},\"query-input\":\"required name=search_term_string\"}],\"inLanguage\":\"fr-FR\"}]}<\/script>","yoast_head_json":{"title":"Nostre catalogue - Mec Master Grigliati snc","robots":{"index":"index","follow":"follow","max-snippet":"max-snippet:-1","max-image-preview":"max-image-preview:large","max-video-preview":"max-video-preview:-1"},"canonical":"https:\/\/www.mecmastergrigliati.com\/fr\/nostre-catalogue\/","og_locale":"fr_FR","og_type":"article","og_title":"Nostre catalogue - Mec Master Grigliati snc","og_description":"Le caillebotis press\u00e9 est fabriqu\u00e9 en fixant des barres transversales aux barres portantes par la technique de pression. Ses nombreuses qualit\u00e9s, telles que la l\u00e9g\u00e8ret\u00e9, la robustesse, la qualit\u00e9 des mat\u00e9riaux utilis\u00e9s, le traitement pr\u00e9cis et l&rsquo;\u00e9l\u00e9gance, en font une solution extr\u00eamement polyvalente dans les secteurs civil et industriel. Le caillebotis press\u00e9 est r\u00e9alis\u00e9 en [&hellip;]","og_url":"https:\/\/www.mecmastergrigliati.com\/fr\/nostre-catalogue\/","og_site_name":"Mec Master Grigliati snc","article_modified_time":"2017-11-21T15:47:59+00:00","twitter_card":"summary_large_image","schema":{"@context":"https:\/\/schema.org","@graph":[{"@type":"WebPage","@id":"https:\/\/www.mecmastergrigliati.com\/fr\/nostre-catalogue\/","url":"https:\/\/www.mecmastergrigliati.com\/fr\/nostre-catalogue\/","name":"Nostre catalogue - Mec Master Grigliati snc","isPartOf":{"@id":"https:\/\/www.mecmastergrigliati.com\/#website"},"datePublished":"2016-12-16T16:11:35+00:00","dateModified":"2017-11-21T15:47:59+00:00","breadcrumb":{"@id":"https:\/\/www.mecmastergrigliati.com\/fr\/nostre-catalogue\/#breadcrumb"},"inLanguage":"fr-FR","potentialAction":[{"@type":"ReadAction","target":["https:\/\/www.mecmastergrigliati.com\/fr\/nostre-catalogue\/"]}]},{"@type":"BreadcrumbList","@id":"https:\/\/www.mecmastergrigliati.com\/fr\/nostre-catalogue\/#breadcrumb","itemListElement":[{"@type":"ListItem","position":1,"name":"Home","item":"https:\/\/www.mecmastergrigliati.com\/fr\/"},{"@type":"ListItem","position":2,"name":"Nostre catalogue"}]},{"@type":"WebSite","@id":"https:\/\/www.mecmastergrigliati.com\/#website","url":"https:\/\/www.mecmastergrigliati.com\/","name":"Mec Master Grigliati snc","description":"Pressati elettrosaldati grigliati metallici","potentialAction":[{"@type":"SearchAction","target":{"@type":"EntryPoint","urlTemplate":"https:\/\/www.mecmastergrigliati.com\/?s={search_term_string}"},"query-input":"required name=search_term_string"}],"inLanguage":"fr-FR"}]}},"_links":{"self":[{"href":"https:\/\/www.mecmastergrigliati.com\/fr\/wp-json\/wp\/v2\/pages\/1625"}],"collection":[{"href":"https:\/\/www.mecmastergrigliati.com\/fr\/wp-json\/wp\/v2\/pages"}],"about":[{"href":"https:\/\/www.mecmastergrigliati.com\/fr\/wp-json\/wp\/v2\/types\/page"}],"author":[{"embeddable":true,"href":"https:\/\/www.mecmastergrigliati.com\/fr\/wp-json\/wp\/v2\/users\/5"}],"replies":[{"embeddable":true,"href":"https:\/\/www.mecmastergrigliati.com\/fr\/wp-json\/wp\/v2\/comments?post=1625"}],"version-history":[{"count":1,"href":"https:\/\/www.mecmastergrigliati.com\/fr\/wp-json\/wp\/v2\/pages\/1625\/revisions"}],"predecessor-version":[{"id":1626,"href":"https:\/\/www.mecmastergrigliati.com\/fr\/wp-json\/wp\/v2\/pages\/1625\/revisions\/1626"}],"wp:attachment":[{"href":"https:\/\/www.mecmastergrigliati.com\/fr\/wp-json\/wp\/v2\/media?parent=1625"}],"curies":[{"name":"wp","href":"https:\/\/api.w.org\/{rel}","templated":true}]}}